{"id":63,"date":"2016-07-21T10:20:05","date_gmt":"2016-07-21T10:20:05","guid":{"rendered":"http:\/\/impreza18.us-themes.com\/?page_id=41"},"modified":"2023-05-03T09:00:05","modified_gmt":"2023-05-03T09:00:05","slug":"home-2","status":"publish","type":"page","link":"https:\/\/valeaavrigului.com\/en\/","title":{"rendered":"Home"},"content":{"rendered":"<section class=\"l-section wpb_row height_full valign_center color_primary with_video\"><div class=\"l-section-video\"><video muted loop autoplay playsinline preload=\"auto\"><source type=\"video\/mp4\" src=\"https:\/\/valeaavrigului.com\/wp-content\/uploads\/2020\/11\/introvideo.mp4\" \/><\/video><\/div><div class=\"l-section-h i-cf\"><div class=\"g-cols vc_row type_default valign_top\"><div class=\"vc_col-sm-12 wpb_column vc_column_container with_overlay\"><div class=\"vc_column-inner\"><div class=\"vc_column-overlay\" style=\"background:rgba(26,26,26,0.50)\"><\/div><div class=\"wpb_wrapper\"><div class=\"wpb_text_column\" ><div class=\"wpb_wrapper\"><h4 style=\"text-align: center;\">VISIT THE TOURISTIC AREA VALEA AVRIGULUI<\/h4>\n<p style=\"text-align: center;\"><strong>Rediscover nature\u2019s beauty!<\/strong><br \/>\n<strong>Let yourself be inspired by the greatness of the mountains!<\/strong><br \/>\n<strong>Step into this marvelous woodland, situated at the foot of F\u0103g\u0103ra\u0219 Mountains!<\/strong><\/p>\n<\/div><\/div><\/div><\/div><\/div><\/div><\/div><\/section><section class=\"l-section wpb_row height_full valign_center color_primary with_img parallax_ver\"><div class=\"l-section-img\" style=\"background-image: url(https:\/\/valeaavrigului.com\/wp-content\/uploads\/2020\/11\/DJI_0928-scaled.jpg);\" data-img-width=\"2560\" data-img-height=\"1706\"><\/div><div class=\"l-section-h i-cf\"><div class=\"g-cols vc_row type_default valign_top\"><div class=\"vc_col-sm-6 wpb_column vc_column_container with_overlay\"><div class=\"vc_column-inner\"><div class=\"vc_column-overlay\" style=\"background:rgba(51,51,51,0.65)\"><\/div><div class=\"wpb_wrapper\"><div class=\"wpb_text_column\" ><div class=\"wpb_wrapper\"><h2><strong><span class=\"dia_suggestion w0\" contextmenu=\"true\">ACTIVITIES<\/span><\/strong><\/h2>\n<p style=\"text-align: left;\">Situated in the heart of the montains, <strong>the touristic area<\/strong> v\u0103 propune ca activit\u0103\u021bi: drume\u021biile destinate explor\u0103rii faunei, florei \u0219i frumuse\u021bii specifice locului, dar \u0219i traseele montane care vizeaz\u0103 at\u00e2t \u00eencep\u0103torii, c\u00e2t \u0219i turi\u0219tii cu experien\u021b\u0103 montan\u0103. Ca posibilit\u0103\u021bi de petrecere a timpului liber, Valea Avrigului v\u0103 propune \u0219edin\u021bele de echita\u021bie, tabere, ture ghidate cu bibiclete electrice, piscina in aer liber etc.<\/p>\n<p><script src=\"moz-extension:\/\/1d9f7e45-2093-42c9-a7dc-1a5f9c7471e8\/js\/app.js\" type=\"text\/javascript\"><\/script><\/p>\n<\/div><\/div><div class=\"w-separator size_small\"><\/div><div class=\"w-btn-wrapper width_auto align_left\"><a class=\"w-btn us-btn-style_1\" href=\"https:\/\/valeaavrigului.com\/en\/activitati\/\"><span class=\"w-btn-label\">SEE MORE<\/span><\/a><\/div><\/div><\/div><\/div><div class=\"vc_col-sm-6 wpb_column vc_column_container\"><div class=\"vc_column-inner\"><div class=\"wpb_wrapper\"><\/div><\/div><\/div><\/div><\/div><\/section><section class=\"l-section wpb_row height_full valign_center color_primary with_img parallax_ver\"><div class=\"l-section-img\" style=\"background-image: url(https:\/\/valeaavrigului.com\/wp-content\/uploads\/2021\/04\/shutterstock_1476875987.jpg);\" data-img-width=\"2000\" data-img-height=\"1334\"><\/div><div class=\"l-section-h i-cf\"><div class=\"g-cols vc_row type_default valign_top\"><div class=\"vc_col-sm-6 wpb_column vc_column_container with_overlay\"><div class=\"vc_column-inner\"><div class=\"vc_column-overlay\" style=\"background:rgba(51,51,51,0.65)\"><\/div><div class=\"wpb_wrapper\"><div class=\"wpb_text_column\" ><div class=\"wpb_wrapper\"><h2><strong>Accomodation<\/strong><\/h2>\n<p><strong><b>The touristic area Valea Avrigului<\/b><\/strong> provides you with the most appreciated accomodation options. Depending on what your preferences are, you can choose between the warmth and confort of a rustic cabin, the hospitility of a holiday house or the luxury of a four star guesthouse. Whatever your choice will be, we promise you a memorable stay near the F\u0103g\u0103ra\u0219 Mountains, where you can relax and enjoy outdoor activities.<\/p>\n<\/div><\/div><div class=\"w-separator size_small\"><\/div><div class=\"w-btn-wrapper width_auto align_left\"><a class=\"w-btn us-btn-style_1\" href=\"https:\/\/valeaavrigului.com\/en\/cazare\/\"><span class=\"w-btn-label\">SEE MORE<\/span><\/a><\/div><\/div><\/div><\/div><div class=\"vc_col-sm-6 wpb_column vc_column_container\"><div class=\"vc_column-inner\"><div class=\"wpb_wrapper\"><\/div><\/div><\/div><\/div><\/div><\/section><section class=\"l-section wpb_row height_full valign_center color_primary with_img parallax_fixed\"><div class=\"l-section-img\" style=\"background-image: url(https:\/\/valeaavrigului.com\/wp-content\/uploads\/2020\/11\/shutterstock_772080394-scaled.jpg);background-repeat: repeat-y;\" data-img-width=\"2560\" data-img-height=\"1707\"><\/div><div class=\"l-section-h i-cf\"><div class=\"g-cols vc_row type_default valign_top\"><div class=\"vc_col-sm-6 wpb_column vc_column_container with_overlay\"><div class=\"vc_column-inner\"><div class=\"vc_column-overlay\" style=\"background:rgba(51,51,51,0.65)\"><\/div><div class=\"wpb_wrapper\"><div class=\"wpb_text_column\" ><div class=\"wpb_wrapper\"><h2><strong>Events<\/strong><\/h2>\n<p><strong><b>The touristic area Valea Avrigului<\/b><\/strong> can host your dream event. Whether we talk about a wedding or a corporate event,  here you can find unique locations and enjoy the high-quality services that are molded on your needs. We help you create unforgettable memories in the heart of the nature!<\/p>\n<\/div><\/div><div class=\"w-separator size_small\"><\/div><div class=\"w-btn-wrapper width_auto align_left\"><a class=\"w-btn us-btn-style_1\" href=\"https:\/\/valeaavrigului.com\/en\/evenimente-avrig\/\"><span class=\"w-btn-label\">SEE MORE<\/span><\/a><\/div><\/div><\/div><\/div><div class=\"vc_col-sm-6 wpb_column vc_column_container\"><div class=\"vc_column-inner\"><div class=\"wpb_wrapper\"><div class=\"w-scroller style_2 pos_right\" aria-hidden=\"true\" data-speed=\"1000\" data-disablewidth=\"768\"><div class=\"w-scroller-dots\"><a href=\"javascript:void(0);\" tabindex=\"-1\" class=\"w-scroller-dot\"><span style=\"font-size:20px;\"><\/span><\/a><\/div><\/div><\/div><\/div><\/div><\/div><\/div><\/section>","protected":false},"excerpt":{"rendered":"VIZITEAZ\u0102 ZONA TURISTIC\u0102 VALEA AVRIGULUI Redescoper\u0103 frumuse\u021bea naturii! Las\u0103-te inspirat de m\u0103re\u021bia mun\u021bilor! P\u0103\u0219e\u0219te \u00een acest \u021binut \u00eemp\u0103durit de la poalele Mun\u021bilor F\u0103g\u0103ra\u0219! Activit\u0103\u021bi Aflat\u0103 \u00een inima naturii, zona turistic\u0103 Valea Avrigului v\u0103 propune ca activit\u0103\u021bi: drume\u021biile destinate explor\u0103rii faunei, florei \u0219i frumuse\u021bii specifice locului, dar \u0219i traseele montane care vizeaz\u0103 at\u00e2t \u00eencep\u0103torii, c\u00e2t \u0219i...","protected":false},"author":1,"featured_media":0,"parent":0,"menu_order":0,"comment_status":"closed","ping_status":"closed","template":"","meta":[],"_links":{"self":[{"href":"https:\/\/valeaavrigului.com\/en\/wp-json\/wp\/v2\/pages\/63"}],"collection":[{"href":"https:\/\/valeaavrigului.com\/en\/wp-json\/wp\/v2\/pages"}],"about":[{"href":"https:\/\/valeaavrigului.com\/en\/wp-json\/wp\/v2\/types\/page"}],"author":[{"embeddable":true,"href":"https:\/\/valeaavrigului.com\/en\/wp-json\/wp\/v2\/users\/1"}],"replies":[{"embeddable":true,"href":"https:\/\/valeaavrigului.com\/en\/wp-json\/wp\/v2\/comments?post=63"}],"version-history":[{"count":41,"href":"https:\/\/valeaavrigului.com\/en\/wp-json\/wp\/v2\/pages\/63\/revisions"}],"predecessor-version":[{"id":4795,"href":"https:\/\/valeaavrigului.com\/en\/wp-json\/wp\/v2\/pages\/63\/revisions\/4795"}],"wp:attachment":[{"href":"https:\/\/valeaavrigului.com\/en\/wp-json\/wp\/v2\/media?parent=63"}],"curies":[{"name":"wp","href":"https:\/\/api.w.org\/{rel}","templated":true}]}}