{"id":4216,"date":"2020-12-10T12:35:33","date_gmt":"2020-12-10T12:35:33","guid":{"rendered":"https:\/\/valeaavrigului.com\/?page_id=4216"},"modified":"2020-12-10T12:35:34","modified_gmt":"2020-12-10T12:35:34","slug":"termeni-si-conditii","status":"publish","type":"page","link":"https:\/\/valeaavrigului.com\/en\/termeni-si-conditii\/","title":{"rendered":"Termeni si conditii"},"content":{"rendered":"<h4><strong>TERMENI \u0218I CONDI\u021aII<\/strong><\/h4>\n\n\n\n<p>Folosirea acestui site implic\u0103 acceptarea termenilor \u0219i condi\u021biilor expuse. Recomand\u0103m citirea cu aten\u021bie a acestora. Ne asum\u0103m dreptul de a modifica aceste prevederi f\u0103r\u0103 o alt\u0103 notificare.<\/p>\n\n\n\n<ol><li><strong>Dreptul de autor<\/strong><\/li><\/ol>\n\n\n\n<p>\u00centregul con\u021binut al website-ului \u2013 imagini, texte, grafice, simboluri, elemente de grafic\u0103 web, scripturi, programe \u0219i alte date \u2013 sunt proprietatea acestui site \u0219i a furnizorilor s\u0103i \u0219i este ap\u0103rat de Legea dreptului de autor \u0219i de legile privind proprietatea intelectual\u0103 \u0219i industrial\u0103. Folosirea, f\u0103r\u0103 acordul nostru scris, a oric\u0103ror elemente enumerate mai sus se pedepse\u0219te conform legilor \u00een vigoare. Pentru orice probleme sau sesiz\u0103ri legate de drepturi de proprietate intelectual\u0103 ne pute\u021bi contacta prin intermediul butonului contact.<\/p>\n\n\n\n<ol start=\"2\"><li><strong>Accesul la informa\u021biile de pe site<\/strong><\/li><\/ol>\n\n\n\n<p>Asocia\u021bia Valea Avrigului garanteaz\u0103 tuturor utilizatorilor acces limitat, \u00een interes personal, pe website \u0219i nu le confer\u0103 drepturile de a desc\u0103rca sau de a modifica par\u021bial sau integral website-ul, de a reproduce par\u021bial sau integral website-ul, de a copia, de a vinde\/revinde sau de a exploata website-ul \u00een orice alt\u0103 manier\u0103, \u00een scopuri comerciale sau contrare intereselor noastre, f\u0103r\u0103 acordul prealabil, scris de c\u0103tre noi.<\/p>\n\n\n\n<ol start=\"3\"><li><strong>Limitarea r\u0103spunderii pentru produse \u0219i servicii<\/strong><\/li><\/ol>\n\n\n\n<p>Imaginile publicate pe site au titlu de exemplu, iar pachetele de servicii oferite pot diferi, uneori, de imaginile prezentate. Ne rezerv\u0103m dreptul s\u0103 modific\u0103m con\u021binutul pachetelor se servicii oferite, f\u0103r\u0103 o notificare prealabil\u0103. Con\u021binutul site-ului (texte, descrieri, caracteristici tehnice, imagini, simboluri) este alc\u0103tuit de de\u021bin\u0103torul acestui site \u0219i diferi\u021bi parteneri contractuali ai acestuia.<\/p>\n\n\n\n<ol start=\"4\"><li><strong>Limitarea responsabilit\u0103\u021bii pentru comentariile utilizatorilor<\/strong><\/li><\/ol>\n\n\n\n<p>Utilizatorii care viziteaz\u0103 site-ul nostru pot face comentarii la adresa acestuia \u0219i a serviciilor pe care la ofer\u0103, care pot fi publicate pe site dup\u0103 o aprobare prealabil\u0103. Asocia\u021bia Valea Avrigului \u00ee\u0219i rezerv\u0103 dreptul de a nu publica pe site comentarii cu con\u021binut ilegal, obscen, amenin\u021b\u0103tor, def\u0103im\u0103tor, care tulbur\u0103 \u00een vreun fel via\u021ba privat\u0103 a altor persoane, \u00eencalc\u0103 drepturile de proprietate intelectual\u0103, con\u021bin viru\u0219i, texte viz\u00e2nd diverse campanii de promovare, scrisori \u00een lan\u021b, mail-uri \u00een mas\u0103 sau orice alt\u0103 form\u0103 de spam.<\/p>\n\n\n\n<ol start=\"5\"><li><strong>Litigii \u0219i dispozi\u021bii finale<\/strong><\/li><\/ol>\n\n\n\n<p>Orice alt\u0103 problem\u0103 cauzat\u0103 de serviciile prezentate pe site-ul nostru sau de informa\u021biile prezentate pe acest site \u0219i care nu este deja tratat\u0103 de niciun articol din prezentul document, se va solu\u021biona pe cale amiabil\u0103 \u00een termen de 30 de zile lucr\u0103toare de la data sesiz\u0103rii \u00een scris a problemelor, de c\u0103tre utilizator. Pute\u021bi s\u0103 ne contacta\u021bi pentru orice problem\u0103 legat\u0103 de site-ul nostru la formularul de contact. \u00cen cazul \u00een care nu s-a reu\u0219it stingerea conflictului pe cale amiabil\u0103, competen\u021ba revine instan\u021belor rom\u00e2ne\u0219ti de judecat\u0103, p\u0103r\u021bile aleg\u00e2nd competen\u021ba instan\u021belor de pe raza municipiului Sibiu. Clientul \u00ee\u0219i asum\u0103 \u00een totalitate aceste riscuri odat\u0103 ce \u00ee\u0219i exprim\u0103 acordul fa\u021b\u0103 de acest Contract cu Clien\u021bii.<\/p>\n\n\n\n<h4><strong>CONFIDEN\u021aIALITATE<\/strong><\/h4>\n\n\n\n<ol><li><strong>Informa\u021bii personale<\/strong><\/li><\/ol>\n\n\n\n<p>Sunte\u021bi de acord ca furnizarea serviciilor prezentate pe site-ul nostru s\u0103 \u00eenceap\u0103 imediat dup\u0103 \u00eendeplinirea tuturor formalit\u0103\u021bilor cerute. Informa\u021biile furnizate trebuie s\u0103 fie corecte. Opt\u00e2nd pentru formularul de contact, v\u0103 obliga\u021bi s\u0103 ne furniza\u021bi corect numele, adresa \u0219i alte informa\u021bii utile. <\/p>\n\n\n\n<ol start=\"2\"><li><strong>Securitatea datelor personale<\/strong><\/li><\/ol>\n\n\n\n<p>Accesarea acestui site implic\u0103 acceptul utilizatorilor ca datele lor personale s\u0103 fie p\u0103strate \u0219i prelucrate de Asocia\u021bia Valea Avrigului. Scopurile prelucr\u0103rii acestor date sunt: crearea unei baze de date pentru realizarea de rapoarte statistice, informarea despre nout\u0103\u021bile companiei sau despre orice alte promo\u021bii sau activit\u0103\u021bi desf\u0103\u0219urate de noi prin orice mijloace de comunicare (po\u0219t\u0103, e-mail, telefon, SMS, etc.). Asocia\u021bia Valea Avrigului se oblig\u0103 ca datele personale s\u0103 nu fie difuzate c\u0103tre ter\u021bi, cu excep\u021bia operatorului de marketing direct (al acestuia). Datele dumneavoastr\u0103 personale vor putea fi transmise autorit\u0103\u021bilor \u00een drept cu scopul verific\u0103rii tranzac\u021biilor comerciale sau altor autorit\u0103\u021bi \u00een drept pentru efectuarea oric\u0103ror verific\u0103ri, dac\u0103 acest lucru va fi solicitat \u00een conformitate cu legile \u00een vigoare. Ne asum\u0103m faptul c\u0103 vom respecta drepturile conferite de Legea nr. 677\/2001 privind protec\u021bia persoanelor cu privire la prelucrarea datelor cu caracter personal \u0219i libera circula\u021bie a acestor date, precum \u0219i a Ordonantei nr. 130\/2000 privind protec\u021bia consumatorilor la \u00eencheierea \u0219i executarea contractelor la distan\u021b\u0103 cu modific\u0103rile ulterioare. Orice \u00eencercare de a accesa datele personale ale altui utilizator, de a modifica con\u021binutul site-ului sau de a afecta performan\u021bele serverului pe care ruleaz\u0103 site-ul, va fi considerat\u0103 o tentativ\u0103 de fraudare a site-ului \u0219i va pune \u00een mi\u0219care cercetarea penal\u0103 \u00eempotriva aceluia sau acelora care au ini\u021biat aceast\u0103 ac\u021biune.<\/p>","protected":false},"excerpt":{"rendered":"<p>TERMENI \u0218I CONDI\u021aII Folosirea acestui site implic\u0103 acceptarea termenilor \u0219i condi\u021biilor expuse. Recomand\u0103m citirea cu aten\u021bie a acestora. Ne asum\u0103m dreptul de a modifica aceste prevederi f\u0103r\u0103 o alt\u0103 notificare. Dreptul de autor \u00centregul con\u021binut al website-ului \u2013 imagini, texte, grafice, simboluri, elemente de grafic\u0103 web, scripturi, programe \u0219i alte date \u2013 sunt proprietatea acestui&#8230;<\/p>","protected":false},"author":1,"featured_media":0,"parent":0,"menu_order":0,"comment_status":"closed","ping_status":"closed","template":"","meta":[],"_links":{"self":[{"href":"https:\/\/valeaavrigului.com\/en\/wp-json\/wp\/v2\/pages\/4216"}],"collection":[{"href":"https:\/\/valeaavrigului.com\/en\/wp-json\/wp\/v2\/pages"}],"about":[{"href":"https:\/\/valeaavrigului.com\/en\/wp-json\/wp\/v2\/types\/page"}],"author":[{"embeddable":true,"href":"https:\/\/valeaavrigului.com\/en\/wp-json\/wp\/v2\/users\/1"}],"replies":[{"embeddable":true,"href":"https:\/\/valeaavrigului.com\/en\/wp-json\/wp\/v2\/comments?post=4216"}],"version-history":[{"count":1,"href":"https:\/\/valeaavrigului.com\/en\/wp-json\/wp\/v2\/pages\/4216\/revisions"}],"predecessor-version":[{"id":4217,"href":"https:\/\/valeaavrigului.com\/en\/wp-json\/wp\/v2\/pages\/4216\/revisions\/4217"}],"wp:attachment":[{"href":"https:\/\/valeaavrigului.com\/en\/wp-json\/wp\/v2\/media?parent=4216"}],"curies":[{"name":"wp","href":"https:\/\/api.w.org\/{rel}","templated":true}]}}