{"id":3645,"date":"2020-11-07T12:47:16","date_gmt":"2020-11-07T12:47:16","guid":{"rendered":"https:\/\/valeaavrigului.com\/?page_id=3645"},"modified":"2025-11-18T13:13:17","modified_gmt":"2025-11-18T13:13:17","slug":"evenimente-avrig","status":"publish","type":"page","link":"https:\/\/valeaavrigului.com\/en\/evenimente-avrig\/","title":{"rendered":"Evenimente-Template"},"content":{"rendered":"<div data-elementor-type=\"wp-page\" data-elementor-id=\"3645\" class=\"elementor elementor-3645\" data-elementor-settings=\"[]\">\n\t\t\t\t\t\t<div class=\"elementor-inner\">\n\t\t\t\t\t\t\t<div class=\"elementor-section-wrap\">\n\t\t\t\t\t\t\t<section class=\"elementor-section elementor-top-section elementor-element elementor-element-cc80664 elementor-section-boxed elementor-section-height-default elementor-section-height-default\" data-id=\"cc80664\" data-element_type=\"section\" data-settings=\"{&quot;_ha_eqh_enable&quot;:false}\">\n\t\t\t\t\t\t<div class=\"elementor-container elementor-column-gap-default\">\n\t\t\t\t\t\t\t<div class=\"elementor-row\">\n\t\t\t\t\t<div class=\"elementor-column elementor-col-100 elementor-top-column elementor-element elementor-element-ecdeae8\" data-id=\"ecdeae8\" data-element_type=\"column\">\n\t\t\t<div class=\"elementor-column-wrap elementor-element-populated\">\n\t\t\t\t\t\t\t<div class=\"elementor-widget-wrap\">\n\t\t\t\t\t\t<div class=\"elementor-element elementor-element-42f6aca elementor-widget elementor-widget-heading\" data-id=\"42f6aca\" data-element_type=\"widget\" data-widget_type=\"heading.default\">\n\t\t\t\t<div class=\"elementor-widget-container\">\n\t\t\t<h5 class=\"elementor-heading-title elementor-size-default\">We organize your dream event, in an idyllic setting! \n\n<\/h5>\t\t<\/div>\n\t\t\t\t<\/div>\n\t\t\t\t\t\t<\/div>\n\t\t\t\t\t<\/div>\n\t\t<\/div>\n\t\t\t\t\t\t\t\t<\/div>\n\t\t\t\t\t<\/div>\n\t\t<\/section>\n\t\t\t\t<section class=\"elementor-section elementor-top-section elementor-element elementor-element-499df53 elementor-section-boxed elementor-section-height-default elementor-section-height-default\" data-id=\"499df53\" data-element_type=\"section\" data-settings=\"{&quot;_ha_eqh_enable&quot;:false}\">\n\t\t\t\t\t\t<div class=\"elementor-container elementor-column-gap-default\">\n\t\t\t\t\t\t\t<div class=\"elementor-row\">\n\t\t\t\t\t<div class=\"elementor-column elementor-col-100 elementor-top-column elementor-element elementor-element-6f7a240\" data-id=\"6f7a240\" data-element_type=\"column\">\n\t\t\t<div class=\"elementor-column-wrap elementor-element-populated\">\n\t\t\t\t\t\t\t<div class=\"elementor-widget-wrap\">\n\t\t\t\t\t\t<div class=\"elementor-element elementor-element-87835a9 elementor-widget elementor-widget-text-editor\" data-id=\"87835a9\" data-element_type=\"widget\" data-widget_type=\"text-editor.default\">\n\t\t\t\t<div class=\"elementor-widget-container\">\n\t\t\t\t\t\t\t\t<div class=\"elementor-text-editor elementor-clearfix\">\n\t\t\t\t\tA rustic wedding hall, unique in Sibiu County and built entirely from logs, will offer you a one-of-a-kind experience, at the foot of F\u0103g\u0103ra\u0219 Mountains. Available in all 4 seasons, the hall is perfect for both weddings and baptisms, as well as team buildings, anniversaries, and other events. \n\nFor more information visit: <a href=\"https:\/\/www.facebook.com\/evenimentebrandusa\">Evenimente Br\u00e2ndu\u0219a<\/a>\t\t\t\t\t<\/div>\n\t\t\t\t\t\t<\/div>\n\t\t\t\t<\/div>\n\t\t\t\t\t\t<\/div>\n\t\t\t\t\t<\/div>\n\t\t<\/div>\n\t\t\t\t\t\t\t\t<\/div>\n\t\t\t\t\t<\/div>\n\t\t<\/section>\n\t\t\t\t<section class=\"elementor-section elementor-top-section elementor-element elementor-element-5784e78 elementor-section-boxed elementor-section-height-default elementor-section-height-default\" data-id=\"5784e78\" data-element_type=\"section\" data-settings=\"{&quot;_ha_eqh_enable&quot;:false}\">\n\t\t\t\t\t\t<div class=\"elementor-container elementor-column-gap-default\">\n\t\t\t\t\t\t\t<div class=\"elementor-row\">\n\t\t\t\t\t<div class=\"elementor-column elementor-col-100 elementor-top-column elementor-element elementor-element-f825a9f\" data-id=\"f825a9f\" data-element_type=\"column\">\n\t\t\t<div class=\"elementor-column-wrap elementor-element-populated\">\n\t\t\t\t\t\t\t<div class=\"elementor-widget-wrap\">\n\t\t\t\t\t\t<div class=\"elementor-element elementor-element-a0d7b6e elementor-arrows-position-outside elementor-widget elementor-widget-image-carousel\" data-id=\"a0d7b6e\" data-element_type=\"widget\" data-settings=\"{&quot;navigation&quot;:&quot;arrows&quot;,&quot;autoplay_speed&quot;:4000,&quot;image_spacing_custom&quot;:{&quot;unit&quot;:&quot;px&quot;,&quot;size&quot;:10,&quot;sizes&quot;:[]},&quot;autoplay&quot;:&quot;yes&quot;,&quot;pause_on_hover&quot;:&quot;yes&quot;,&quot;pause_on_interaction&quot;:&quot;yes&quot;,&quot;infinite&quot;:&quot;yes&quot;,&quot;speed&quot;:500}\" data-widget_type=\"image-carousel.default\">\n\t\t\t\t<div class=\"elementor-widget-container\">\n\t\t\t\t\t<div class=\"elementor-image-carousel-wrapper swiper-container\" dir=\"ltr\">\n\t\t\t<div class=\"elementor-image-carousel swiper-wrapper swiper-image-stretch\">\n\t\t\t\t<div class=\"swiper-slide\"><a data-elementor-open-lightbox=\"yes\" data-elementor-lightbox-slideshow=\"a0d7b6e\" data-elementor-lightbox-title=\"WhatsApp Image 2025-08-06 at 11.36.23_0ab8260d\" ref=\"magnificPopup\" href=\"https:\/\/valeaavrigului.com\/wp-content\/uploads\/2025\/11\/WhatsApp-Image-2025-08-06-at-11.36.23_0ab8260d.jpg\"><figure class=\"swiper-slide-inner\"><img class=\"swiper-slide-image\" src=\"https:\/\/valeaavrigului.com\/wp-content\/uploads\/2025\/11\/WhatsApp-Image-2025-08-06-at-11.36.23_0ab8260d-1024x1024.jpg\" alt=\"WhatsApp Image 2025-08-06 at 11.36.23_0ab8260d\" \/><\/figure><\/a><\/div><div class=\"swiper-slide\"><a data-elementor-open-lightbox=\"yes\" data-elementor-lightbox-slideshow=\"a0d7b6e\" data-elementor-lightbox-title=\"WhatsApp Image 2025-08-06 at 11.36.24_a901985f\" ref=\"magnificPopup\" href=\"https:\/\/valeaavrigului.com\/wp-content\/uploads\/2025\/11\/WhatsApp-Image-2025-08-06-at-11.36.24_a901985f.jpg\"><figure class=\"swiper-slide-inner\"><img class=\"swiper-slide-image\" src=\"https:\/\/valeaavrigului.com\/wp-content\/uploads\/2025\/11\/WhatsApp-Image-2025-08-06-at-11.36.24_a901985f-1024x1024.jpg\" alt=\"WhatsApp Image 2025-08-06 at 11.36.24_a901985f\" \/><\/figure><\/a><\/div><div class=\"swiper-slide\"><a data-elementor-open-lightbox=\"yes\" data-elementor-lightbox-slideshow=\"a0d7b6e\" data-elementor-lightbox-title=\"WhatsApp Image 2025-08-06 at 11.36.23_d70ee716\" ref=\"magnificPopup\" href=\"https:\/\/valeaavrigului.com\/wp-content\/uploads\/2025\/11\/WhatsApp-Image-2025-08-06-at-11.36.23_d70ee716.jpg\"><figure class=\"swiper-slide-inner\"><img class=\"swiper-slide-image\" src=\"https:\/\/valeaavrigului.com\/wp-content\/uploads\/2025\/11\/WhatsApp-Image-2025-08-06-at-11.36.23_d70ee716-1024x1024.jpg\" alt=\"WhatsApp Image 2025-08-06 at 11.36.23_d70ee716\" \/><\/figure><\/a><\/div><div class=\"swiper-slide\"><a data-elementor-open-lightbox=\"yes\" data-elementor-lightbox-slideshow=\"a0d7b6e\" data-elementor-lightbox-title=\"WhatsApp Image 2025-08-06 at 11.36.24_f1a3dbfa\" ref=\"magnificPopup\" href=\"https:\/\/valeaavrigului.com\/wp-content\/uploads\/2025\/11\/WhatsApp-Image-2025-08-06-at-11.36.24_f1a3dbfa.jpg\"><figure class=\"swiper-slide-inner\"><img class=\"swiper-slide-image\" src=\"https:\/\/valeaavrigului.com\/wp-content\/uploads\/2025\/11\/WhatsApp-Image-2025-08-06-at-11.36.24_f1a3dbfa.jpg\" alt=\"WhatsApp Image 2025-08-06 at 11.36.24_f1a3dbfa\" \/><\/figure><\/a><\/div>\t\t\t<\/div>\n\t\t\t\t\t\t\t\t\t\t\t\t\t\t\t\t<div class=\"elementor-swiper-button elementor-swiper-button-prev\">\n\t\t\t\t\t\t<i class=\"eicon-chevron-left\" aria-hidden=\"true\"><\/i>\n\t\t\t\t\t\t<span class=\"elementor-screen-only\">Previous<\/span>\n\t\t\t\t\t<\/div>\n\t\t\t\t\t<div class=\"elementor-swiper-button elementor-swiper-button-next\">\n\t\t\t\t\t\t<i class=\"eicon-chevron-right\" aria-hidden=\"true\"><\/i>\n\t\t\t\t\t\t<span class=\"elementor-screen-only\">Next<\/span>\n\t\t\t\t\t<\/div>\n\t\t\t\t\t\t\t\t\t<\/div>\n\t\t\t\t<\/div>\n\t\t\t\t<\/div>\n\t\t\t\t<div class=\"elementor-element elementor-element-b088d9e elementor-widget elementor-widget-ha-social-icons happy-addon ha-social-icons\" data-id=\"b088d9e\" data-element_type=\"widget\" data-widget_type=\"ha-social-icons.default\">\n\t\t\t\t<div class=\"elementor-widget-container\">\n\t\t\t\t\t<div class=\"ha-social-icons-wrapper\">\n\t\t\t\t\t\t\t<a href=\"https:\/\/www.facebook.com\/evenimentebrandusa\" class=\"ha-social-icon elementor-repeater-item-97a40d2  elementor-social-icon-facebook ha-social-icon--network\">\n\t\t\t\t\t<i class=\"fab fa-facebook\"><\/i>\t\t\t\t<\/a>\n\t\t\t\t\t\t\t\t<a href=\"https:\/\/www.instagram.com\/evenimentebrandusa\" class=\"ha-social-icon elementor-repeater-item-7be652b  elementor-social-icon-instagram ha-social-icon--network\">\n\t\t\t\t\t<i class=\"fab fa-instagram\"><\/i>\t\t\t\t<\/a>\n\t\t\t\t\t\t<\/div>\n\t\t\t\t<\/div>\n\t\t\t\t<\/div>\n\t\t\t\t\t\t<\/div>\n\t\t\t\t\t<\/div>\n\t\t<\/div>\n\t\t\t\t\t\t\t\t<\/div>\n\t\t\t\t\t<\/div>\n\t\t<\/section>\n\t\t\t\t\t\t<\/div>\n\t\t\t\t\t\t<\/div>\n\t\t\t\t\t<\/div>","protected":false},"excerpt":{"rendered":"<p>V\u0103 punem la dispozi\u021bie organizarea unor evenimente speciale, \u00eentr-o loca\u021bie idilic\u0103. Salon de evenimente rustic, unic \u00een Sibiu, construit \u00een totalitate din bu\u0219teni, la poalele mun\u021bilor F\u0103g\u0103ra\u0219. Disponibil \u00een toate cele patru anotimpuri , salonul este potrivit at\u00e2t pentru organizarea de nun\u021bi \u0219i botezuri, c\u00e2t \u0219i pentru teambuilding-uri,zile onomastice \u0219i alte tipuri de evenimente. Pentru&#8230;<\/p>","protected":false},"author":1,"featured_media":0,"parent":0,"menu_order":0,"comment_status":"closed","ping_status":"closed","template":"","meta":[],"_links":{"self":[{"href":"https:\/\/valeaavrigului.com\/en\/wp-json\/wp\/v2\/pages\/3645"}],"collection":[{"href":"https:\/\/valeaavrigului.com\/en\/wp-json\/wp\/v2\/pages"}],"about":[{"href":"https:\/\/valeaavrigului.com\/en\/wp-json\/wp\/v2\/types\/page"}],"author":[{"embeddable":true,"href":"https:\/\/valeaavrigului.com\/en\/wp-json\/wp\/v2\/users\/1"}],"replies":[{"embeddable":true,"href":"https:\/\/valeaavrigului.com\/en\/wp-json\/wp\/v2\/comments?post=3645"}],"version-history":[{"count":162,"href":"https:\/\/valeaavrigului.com\/en\/wp-json\/wp\/v2\/pages\/3645\/revisions"}],"predecessor-version":[{"id":5093,"href":"https:\/\/valeaavrigului.com\/en\/wp-json\/wp\/v2\/pages\/3645\/revisions\/5093"}],"wp:attachment":[{"href":"https:\/\/valeaavrigului.com\/en\/wp-json\/wp\/v2\/media?parent=3645"}],"curies":[{"name":"wp","href":"https:\/\/api.w.org\/{rel}","templated":true}]}}